{"id":90,"date":"2024-02-23T16:10:30","date_gmt":"2024-02-23T15:10:30","guid":{"rendered":"http:\/\/aps-werk.ch\/?page_id=90"},"modified":"2026-02-25T15:18:18","modified_gmt":"2026-02-25T14:18:18","slug":"unterfahrschutz","status":"publish","type":"page","link":"https:\/\/aps-werk.ch\/fr\/unterfahrschutz\/","title":{"rendered":"Protection anti-encastrement"},"content":{"rendered":"<div data-elementor-type=\"wp-page\" data-elementor-id=\"90\" class=\"elementor elementor-90\">\n\t\t\t\t<div class=\"elementor-element elementor-element-b1bcb57 e-con-full e-flex e-con e-parent\" data-id=\"b1bcb57\" data-element_type=\"container\">\n\t\t<div class=\"elementor-element elementor-element-d848e0a e-con-full e-flex e-con e-child\" data-id=\"d848e0a\" data-element_type=\"container\" data-settings=\"{&quot;background_background&quot;:&quot;classic&quot;}\">\n\t\t\t\t<div class=\"elementor-element elementor-element-4f545e4 elementor-widget elementor-widget-spacer\" data-id=\"4f545e4\" data-element_type=\"widget\" data-widget_type=\"spacer.default\">\n\t\t\t\t<div class=\"elementor-widget-container\">\n\t\t\t\t\t\t\t<div class=\"elementor-spacer\">\n\t\t\t<div class=\"elementor-spacer-inner\"><\/div>\n\t\t<\/div>\n\t\t\t\t\t\t<\/div>\n\t\t\t\t<\/div>\n\t\t\t\t<div class=\"elementor-element elementor-element-2b3e377 elementor-widget elementor-widget-heading\" data-id=\"2b3e377\" data-element_type=\"widget\" data-widget_type=\"heading.default\">\n\t\t\t\t<div class=\"elementor-widget-container\">\n\t\t\t\t\t<h2 class=\"elementor-heading-title elementor-size-xl\">APS Protection anti-encastrement<\/h2>\t\t\t\t<\/div>\n\t\t\t\t<\/div>\n\t\t\t\t<div class=\"elementor-element elementor-element-d95ee41 elementor-widget elementor-widget-text-editor\" data-id=\"d95ee41\" data-element_type=\"widget\" data-widget_type=\"text-editor.default\">\n\t\t\t\t<div class=\"elementor-widget-container\">\n\t\t\t\t\t\t\t\t\tUn montage facile, un poids propre faible et une manipulation tr\u00e8s simple\t\t\t\t\t\t\t\t<\/div>\n\t\t\t\t<\/div>\n\t\t\t\t<div class=\"elementor-element elementor-element-62e4620 elementor-widget elementor-widget-spacer\" data-id=\"62e4620\" data-element_type=\"widget\" data-widget_type=\"spacer.default\">\n\t\t\t\t<div class=\"elementor-widget-container\">\n\t\t\t\t\t\t\t<div class=\"elementor-spacer\">\n\t\t\t<div class=\"elementor-spacer-inner\"><\/div>\n\t\t<\/div>\n\t\t\t\t\t\t<\/div>\n\t\t\t\t<\/div>\n\t\t\t\t<\/div>\n\t\t\t\t<\/div>\n\t\t<div class=\"elementor-element elementor-element-af19fcc e-flex e-con-boxed e-con e-parent\" data-id=\"af19fcc\" data-element_type=\"container\">\n\t\t\t\t\t<div class=\"e-con-inner\">\n\t\t\t\t<div class=\"elementor-element elementor-element-7e7f0e5 elementor-widget elementor-widget-spacer\" data-id=\"7e7f0e5\" data-element_type=\"widget\" data-widget_type=\"spacer.default\">\n\t\t\t\t<div class=\"elementor-widget-container\">\n\t\t\t\t\t\t\t<div class=\"elementor-spacer\">\n\t\t\t<div class=\"elementor-spacer-inner\"><\/div>\n\t\t<\/div>\n\t\t\t\t\t\t<\/div>\n\t\t\t\t<\/div>\n\t\t\t\t<div class=\"elementor-element elementor-element-d8fbc1c elementor-invisible elementor-widget elementor-widget-heading\" data-id=\"d8fbc1c\" data-element_type=\"widget\" data-settings=\"{&quot;_animation&quot;:&quot;fadeInUp&quot;}\" data-widget_type=\"heading.default\">\n\t\t\t\t<div class=\"elementor-widget-container\">\n\t\t\t\t\t<h2 class=\"elementor-heading-title elementor-size-default\">Protection anti-encastrement pour v\u00e9hicules utilitaires - s\u00e9curit\u00e9, manipulation, qualit\u00e9<\/h2>\t\t\t\t<\/div>\n\t\t\t\t<\/div>\n\t\t\t\t<div class=\"elementor-element elementor-element-b82258e elementor-invisible elementor-widget elementor-widget-text-editor\" data-id=\"b82258e\" data-element_type=\"widget\" data-settings=\"{&quot;_animation&quot;:&quot;fadeInUp&quot;,&quot;_animation_delay&quot;:100}\" data-widget_type=\"text-editor.default\">\n\t\t\t\t<div class=\"elementor-widget-container\">\n\t\t\t\t\t\t\t\t\t<p>APS se concentre sur trois aspects essentiels: la s\u00e9curit\u00e9, la manipulation et la qualit\u00e9.<\/p>\t\t\t\t\t\t\t\t<\/div>\n\t\t\t\t<\/div>\n\t\t\t\t\t<\/div>\n\t\t\t\t<\/div>\n\t\t<div class=\"elementor-element elementor-element-7307cfb e-flex e-con-boxed e-con e-parent\" data-id=\"7307cfb\" data-element_type=\"container\">\n\t\t\t\t\t<div class=\"e-con-inner\">\n\t\t<div class=\"elementor-element elementor-element-dd9b5af e-con-full e-flex elementor-invisible e-con e-child\" data-id=\"dd9b5af\" data-element_type=\"container\" data-settings=\"{&quot;background_background&quot;:&quot;classic&quot;,&quot;animation&quot;:&quot;fadeInUp&quot;}\">\n\t\t\t\t<div class=\"elementor-element elementor-element-0d4e9ce elementor-widget elementor-widget-spacer\" data-id=\"0d4e9ce\" data-element_type=\"widget\" data-widget_type=\"spacer.default\">\n\t\t\t\t<div class=\"elementor-widget-container\">\n\t\t\t\t\t\t\t<div class=\"elementor-spacer\">\n\t\t\t<div class=\"elementor-spacer-inner\"><\/div>\n\t\t<\/div>\n\t\t\t\t\t\t<\/div>\n\t\t\t\t<\/div>\n\t\t\t\t<div class=\"elementor-element elementor-element-bbd817b elementor-widget elementor-widget-heading\" data-id=\"bbd817b\" data-element_type=\"widget\" data-widget_type=\"heading.default\">\n\t\t\t\t<div class=\"elementor-widget-container\">\n\t\t\t\t\t<h2 class=\"elementor-heading-title elementor-size-default\">S\u00e9curit\u00e9<\/h2>\t\t\t\t<\/div>\n\t\t\t\t<\/div>\n\t\t\t\t<div class=\"elementor-element elementor-element-09361e8 elementor-widget elementor-widget-text-editor\" data-id=\"09361e8\" data-element_type=\"widget\" data-widget_type=\"text-editor.default\">\n\t\t\t\t<div class=\"elementor-widget-container\">\n\t\t\t\t\t\t\t\t\t<p>Notre protection anti-encastrement offre une protection globale et minimise le risque de blessure \u00e0 un minimum absolu.<\/p>\t\t\t\t\t\t\t\t<\/div>\n\t\t\t\t<\/div>\n\t\t\t\t<\/div>\n\t\t<div class=\"elementor-element elementor-element-14edf97 e-con-full e-flex elementor-invisible e-con e-child\" data-id=\"14edf97\" data-element_type=\"container\" data-settings=\"{&quot;background_background&quot;:&quot;classic&quot;,&quot;animation&quot;:&quot;fadeInUp&quot;,&quot;animation_delay&quot;:100}\">\n\t\t\t\t<div class=\"elementor-element elementor-element-7162b51 elementor-widget elementor-widget-spacer\" data-id=\"7162b51\" data-element_type=\"widget\" data-widget_type=\"spacer.default\">\n\t\t\t\t<div class=\"elementor-widget-container\">\n\t\t\t\t\t\t\t<div class=\"elementor-spacer\">\n\t\t\t<div class=\"elementor-spacer-inner\"><\/div>\n\t\t<\/div>\n\t\t\t\t\t\t<\/div>\n\t\t\t\t<\/div>\n\t\t\t\t<div class=\"elementor-element elementor-element-8b69ffc elementor-widget elementor-widget-heading\" data-id=\"8b69ffc\" data-element_type=\"widget\" data-widget_type=\"heading.default\">\n\t\t\t\t<div class=\"elementor-widget-container\">\n\t\t\t\t\t<h2 class=\"elementor-heading-title elementor-size-default\">Manipulation<\/h2>\t\t\t\t<\/div>\n\t\t\t\t<\/div>\n\t\t\t\t<div class=\"elementor-element elementor-element-86e0ef5 elementor-widget elementor-widget-text-editor\" data-id=\"86e0ef5\" data-element_type=\"widget\" data-widget_type=\"text-editor.default\">\n\t\t\t\t<div class=\"elementor-widget-container\">\n\t\t\t\t\t\t\t\t\t<p>Gr\u00e2ce \u00e0 une utilisation intuitive et \u00e0 une construction bien pens\u00e9e, l'acc\u00e8s facile \u00e0 toutes les zones importantes du v\u00e9hicule reste garanti \u00e0 tout moment.<\/p>\t\t\t\t\t\t\t\t<\/div>\n\t\t\t\t<\/div>\n\t\t\t\t<\/div>\n\t\t<div class=\"elementor-element elementor-element-27b777d e-con-full e-flex elementor-invisible e-con e-child\" data-id=\"27b777d\" data-element_type=\"container\" data-settings=\"{&quot;background_background&quot;:&quot;classic&quot;,&quot;animation&quot;:&quot;fadeInUp&quot;,&quot;animation_delay&quot;:200}\">\n\t\t\t\t<div class=\"elementor-element elementor-element-5367d54 elementor-widget elementor-widget-spacer\" data-id=\"5367d54\" data-element_type=\"widget\" data-widget_type=\"spacer.default\">\n\t\t\t\t<div class=\"elementor-widget-container\">\n\t\t\t\t\t\t\t<div class=\"elementor-spacer\">\n\t\t\t<div class=\"elementor-spacer-inner\"><\/div>\n\t\t<\/div>\n\t\t\t\t\t\t<\/div>\n\t\t\t\t<\/div>\n\t\t\t\t<div class=\"elementor-element elementor-element-414a0fa elementor-widget elementor-widget-heading\" data-id=\"414a0fa\" data-element_type=\"widget\" data-widget_type=\"heading.default\">\n\t\t\t\t<div class=\"elementor-widget-container\">\n\t\t\t\t\t<h2 class=\"elementor-heading-title elementor-size-default\">Qualit\u00e9<\/h2>\t\t\t\t<\/div>\n\t\t\t\t<\/div>\n\t\t\t\t<div class=\"elementor-element elementor-element-7d639f0 elementor-widget elementor-widget-text-editor\" data-id=\"7d639f0\" data-element_type=\"widget\" data-widget_type=\"text-editor.default\">\n\t\t\t\t<div class=\"elementor-widget-container\">\n\t\t\t\t\t\t\t\t\t<p>Nos produits sont con\u00e7us pour une dur\u00e9e de vie maximale. Notre devise: une protection anti-encastrement APS doit durer toute la vie d'un camion.<\/p>\t\t\t\t\t\t\t\t<\/div>\n\t\t\t\t<\/div>\n\t\t\t\t<\/div>\n\t\t\t\t\t<\/div>\n\t\t\t\t<\/div>\n\t\t<div class=\"elementor-element elementor-element-cdf9838 e-flex e-con-boxed e-con e-parent\" data-id=\"cdf9838\" data-element_type=\"container\">\n\t\t\t\t\t<div class=\"e-con-inner\">\n\t\t\t\t<div class=\"elementor-element elementor-element-650fe1f elementor-invisible elementor-widget elementor-widget-text-editor\" data-id=\"650fe1f\" data-element_type=\"widget\" data-settings=\"{&quot;_animation&quot;:&quot;fadeInUp&quot;}\" data-widget_type=\"text-editor.default\">\n\t\t\t\t<div class=\"elementor-widget-container\">\n\t\t\t\t\t\t\t\t\t<p>Notre objectif est de cr\u00e9er une v\u00e9ritable valeur ajout\u00e9e pour nos clients - afin que vous puissiez non seulement b\u00e9n\u00e9ficier d'une protection optimale, mais aussi \u00eatre fier de votre v\u00e9hicule. Nous installons la protection anti-encastrement compl\u00e8te dans vos locaux.<\/p>\t\t\t\t\t\t\t\t<\/div>\n\t\t\t\t<\/div>\n\t\t\t\t<div class=\"elementor-element elementor-element-91b0c19 elementor-widget elementor-widget-spacer\" data-id=\"91b0c19\" data-element_type=\"widget\" data-widget_type=\"spacer.default\">\n\t\t\t\t<div class=\"elementor-widget-container\">\n\t\t\t\t\t\t\t<div class=\"elementor-spacer\">\n\t\t\t<div class=\"elementor-spacer-inner\"><\/div>\n\t\t<\/div>\n\t\t\t\t\t\t<\/div>\n\t\t\t\t<\/div>\n\t\t\t\t\t<\/div>\n\t\t\t\t<\/div>\n\t\t<div class=\"elementor-element elementor-element-3e65f36 e-con-full e-flex e-con e-parent\" data-id=\"3e65f36\" data-element_type=\"container\">\n\t\t<div class=\"elementor-element elementor-element-85fe1ac e-con-full e-flex elementor-invisible e-con e-child\" data-id=\"85fe1ac\" data-element_type=\"container\" data-settings=\"{&quot;background_background&quot;:&quot;slideshow&quot;,&quot;background_slideshow_gallery&quot;:[{&quot;id&quot;:2100,&quot;url&quot;:&quot;http:\\\/\\\/aps-werk.ch\\\/wp-content\\\/uploads\\\/2025\\\/02\\\/MB-UFS1-scaled.jpg&quot;},{&quot;id&quot;:2099,&quot;url&quot;:&quot;http:\\\/\\\/aps-werk.ch\\\/wp-content\\\/uploads\\\/2025\\\/02\\\/IMGP4263.jpg&quot;},{&quot;id&quot;:2098,&quot;url&quot;:&quot;http:\\\/\\\/aps-werk.ch\\\/wp-content\\\/uploads\\\/2025\\\/02\\\/IMGP4248.jpg&quot;},{&quot;id&quot;:2092,&quot;url&quot;:&quot;http:\\\/\\\/aps-werk.ch\\\/wp-content\\\/uploads\\\/2025\\\/02\\\/Foto.jpg&quot;},{&quot;id&quot;:2091,&quot;url&quot;:&quot;http:\\\/\\\/aps-werk.ch\\\/wp-content\\\/uploads\\\/2025\\\/02\\\/EA07FCE1-7A5F-4846-9C48-6378C61910E1-scaled.jpg&quot;},{&quot;id&quot;:2089,&quot;url&quot;:&quot;http:\\\/\\\/aps-werk.ch\\\/wp-content\\\/uploads\\\/2025\\\/02\\\/DSC00018.jpg&quot;},{&quot;id&quot;:2086,&quot;url&quot;:&quot;http:\\\/\\\/aps-werk.ch\\\/wp-content\\\/uploads\\\/2025\\\/02\\\/Bild0194-scaled.jpg&quot;},{&quot;id&quot;:2085,&quot;url&quot;:&quot;http:\\\/\\\/aps-werk.ch\\\/wp-content\\\/uploads\\\/2025\\\/02\\\/Bild0193-scaled.jpg&quot;},{&quot;id&quot;:2084,&quot;url&quot;:&quot;http:\\\/\\\/aps-werk.ch\\\/wp-content\\\/uploads\\\/2025\\\/02\\\/21-6-11-005.jpg&quot;},{&quot;id&quot;:2083,&quot;url&quot;:&quot;http:\\\/\\\/aps-werk.ch\\\/wp-content\\\/uploads\\\/2025\\\/02\\\/MB-1835-BTL1.jpg&quot;}],&quot;background_slideshow_slide_transition&quot;:&quot;slide_right&quot;,&quot;animation&quot;:&quot;fadeInUp&quot;,&quot;background_slideshow_loop&quot;:&quot;yes&quot;,&quot;background_slideshow_slide_duration&quot;:5000,&quot;background_slideshow_transition_duration&quot;:500}\">\n\t\t\t\t<\/div>\n\t\t<div class=\"elementor-element elementor-element-2d42bf2 e-con-full e-flex elementor-invisible e-con e-child\" data-id=\"2d42bf2\" data-element_type=\"container\" data-settings=\"{&quot;animation&quot;:&quot;fadeInUp&quot;,&quot;animation_delay&quot;:0}\">\n\t\t\t\t<div class=\"elementor-element elementor-element-2727ce2 elementor-widget elementor-widget-heading\" data-id=\"2727ce2\" data-element_type=\"widget\" data-widget_type=\"heading.default\">\n\t\t\t\t<div class=\"elementor-widget-container\">\n\t\t\t\t\t<h2 class=\"elementor-heading-title elementor-size-default\">Ma\u00eetre de la protection<\/h2>\t\t\t\t<\/div>\n\t\t\t\t<\/div>\n\t\t\t\t<div class=\"elementor-element elementor-element-22a29c7 elementor-widget elementor-widget-text-editor\" data-id=\"22a29c7\" data-element_type=\"widget\" data-widget_type=\"text-editor.default\">\n\t\t\t\t<div class=\"elementor-widget-container\">\n\t\t\t\t\t\t\t\t\t<p>Valorisez votre v\u00e9hicule et utilisez la protection anti-encastrement APS.<br \/>En plus des mat\u00e9riaux inoxydables, les mat\u00e9riaux sp\u00e9cialement d\u00e9velopp\u00e9s pour l'industrie de l'emballage sont \u00e9galement utilis\u00e9s.<br \/>Supports pliables fabriqu\u00e9s dans notre propre production.<br \/>Tous nos produits sont d\u00e9velopp\u00e9s en \u00e9troite collaboration avec les clients et les constructeurs automobiles. Cela permet d'optimiser la qualit\u00e9, les avantages et les co\u00fbts.<\/p>\t\t\t\t\t\t\t\t<\/div>\n\t\t\t\t<\/div>\n\t\t\t\t<\/div>\n\t\t\t\t<\/div>\n\t\t<div class=\"elementor-element elementor-element-b5233dc e-flex e-con-boxed elementor-invisible e-con e-parent\" data-id=\"b5233dc\" data-element_type=\"container\" data-settings=\"{&quot;animation&quot;:&quot;fadeInUp&quot;}\">\n\t\t\t\t\t<div class=\"e-con-inner\">\n\t\t\t\t<div class=\"elementor-element elementor-element-d5d96f0 elementor-widget elementor-widget-spacer\" data-id=\"d5d96f0\" data-element_type=\"widget\" data-widget_type=\"spacer.default\">\n\t\t\t\t<div class=\"elementor-widget-container\">\n\t\t\t\t\t\t\t<div class=\"elementor-spacer\">\n\t\t\t<div class=\"elementor-spacer-inner\"><\/div>\n\t\t<\/div>\n\t\t\t\t\t\t<\/div>\n\t\t\t\t<\/div>\n\t\t\t\t<div class=\"elementor-element elementor-element-0b742da elementor-widget elementor-widget-heading\" data-id=\"0b742da\" data-element_type=\"widget\" data-widget_type=\"heading.default\">\n\t\t\t\t<div class=\"elementor-widget-container\">\n\t\t\t\t\t<h2 class=\"elementor-heading-title elementor-size-default\">Prospectus et formulaires de commande<\/h2>\t\t\t\t<\/div>\n\t\t\t\t<\/div>\n\t\t\t\t<div class=\"elementor-element elementor-element-9f0a12a elementor-widget elementor-widget-spacer\" data-id=\"9f0a12a\" data-element_type=\"widget\" data-widget_type=\"spacer.default\">\n\t\t\t\t<div class=\"elementor-widget-container\">\n\t\t\t\t\t\t\t<div class=\"elementor-spacer\">\n\t\t\t<div class=\"elementor-spacer-inner\"><\/div>\n\t\t<\/div>\n\t\t\t\t\t\t<\/div>\n\t\t\t\t<\/div>\n\t\t\t\t\t<\/div>\n\t\t\t\t<\/div>\n\t\t<div class=\"elementor-element elementor-element-5a43812 e-flex e-con-boxed e-con e-parent\" data-id=\"5a43812\" data-element_type=\"container\">\n\t\t\t\t\t<div class=\"e-con-inner\">\n\t\t<div class=\"elementor-element elementor-element-eb5c59e e-con-full e-flex e-con e-child\" data-id=\"eb5c59e\" data-element_type=\"container\">\n\t\t\t\t<div class=\"elementor-element elementor-element-3b38711 e-transform elementor-invisible elementor-widget elementor-widget-image\" data-id=\"3b38711\" data-element_type=\"widget\" data-settings=\"{&quot;_animation&quot;:&quot;slideInLeft&quot;,&quot;_transform_rotateZ_effect&quot;:{&quot;unit&quot;:&quot;px&quot;,&quot;size&quot;:-6,&quot;sizes&quot;:[]},&quot;_transform_rotateZ_effect_tablet&quot;:{&quot;unit&quot;:&quot;deg&quot;,&quot;size&quot;:&quot;&quot;,&quot;sizes&quot;:[]},&quot;_transform_rotateZ_effect_mobile&quot;:{&quot;unit&quot;:&quot;deg&quot;,&quot;size&quot;:&quot;&quot;,&quot;sizes&quot;:[]}}\" data-widget_type=\"image.default\">\n\t\t\t\t<div class=\"elementor-widget-container\">\n\t\t\t\t\t\t\t\t\t\t\t\t\t\t\t<img fetchpriority=\"high\" decoding=\"async\" width=\"724\" height=\"1024\" src=\"https:\/\/aps-werk.ch\/wp-content\/uploads\/2024\/06\/aps-broschuere-1-1-724x1024.png\" class=\"elementor-animation-grow attachment-large size-large wp-image-149\" alt=\"\" srcset=\"https:\/\/aps-werk.ch\/wp-content\/uploads\/2024\/06\/aps-broschuere-1-1-724x1024.png 724w, https:\/\/aps-werk.ch\/wp-content\/uploads\/2024\/06\/aps-broschuere-1-1-212x300.png 212w, https:\/\/aps-werk.ch\/wp-content\/uploads\/2024\/06\/aps-broschuere-1-1-2000x2829.png 2000w, https:\/\/aps-werk.ch\/wp-content\/uploads\/2024\/06\/aps-broschuere-1-1-8x12.png 8w, https:\/\/aps-werk.ch\/wp-content\/uploads\/2024\/06\/aps-broschuere-1-1-1086x1536.png 1086w, https:\/\/aps-werk.ch\/wp-content\/uploads\/2024\/06\/aps-broschuere-1-1-1448x2048.png 1448w\" sizes=\"100vw\" \/>\t\t\t\t\t\t\t\t\t\t\t\t\t\t\t<\/div>\n\t\t\t\t<\/div>\n\t\t\t\t<\/div>\n\t\t<div class=\"elementor-element elementor-element-343f89c e-con-full e-flex e-con e-child\" data-id=\"343f89c\" data-element_type=\"container\">\n\t\t\t\t<div class=\"elementor-element elementor-element-4d5a628 elementor-align-left elementor-invisible elementor-widget elementor-widget-button\" data-id=\"4d5a628\" data-element_type=\"widget\" data-settings=\"{&quot;_animation&quot;:&quot;fadeInUp&quot;,&quot;_animation_delay&quot;:300}\" data-widget_type=\"button.default\">\n\t\t\t\t<div class=\"elementor-widget-container\">\n\t\t\t\t\t\t\t\t\t<div class=\"elementor-button-wrapper\">\n\t\t\t\t\t<a class=\"elementor-button elementor-button-link elementor-size-lg elementor-animation-grow\" href=\"https:\/\/aps-werk.ch\/wp-content\/uploads\/pdf\/UFS_Katalog_Ersatzteile.pdf\" target=\"_blank\">\n\t\t\t\t\t\t<span class=\"elementor-button-content-wrapper\">\n\t\t\t\t\t\t\t\t\t<span class=\"elementor-button-text\">Catalogue<\/span>\n\t\t\t\t\t<\/span>\n\t\t\t\t\t<\/a>\n\t\t\t\t<\/div>\n\t\t\t\t\t\t\t\t<\/div>\n\t\t\t\t<\/div>\n\t\t\t\t<div class=\"elementor-element elementor-element-60249ca elementor-align-left elementor-invisible elementor-widget elementor-widget-button\" data-id=\"60249ca\" data-element_type=\"widget\" data-settings=\"{&quot;_animation&quot;:&quot;fadeInUp&quot;,&quot;_animation_delay&quot;:300}\" data-widget_type=\"button.default\">\n\t\t\t\t<div class=\"elementor-widget-container\">\n\t\t\t\t\t\t\t\t\t<div class=\"elementor-button-wrapper\">\n\t\t\t\t\t<a class=\"elementor-button elementor-button-link elementor-size-lg elementor-animation-grow\" href=\"https:\/\/aps-werk.ch\/wp-content\/uploads\/pdf\/bestellung_ufs_material_komplett_2025.pdf\" target=\"_blank\">\n\t\t\t\t\t\t<span class=\"elementor-button-content-wrapper\">\n\t\t\t\t\t\t\t\t\t<span class=\"elementor-button-text\">Mat\u00e9riel de protection anti-encastrement<\/span>\n\t\t\t\t\t<\/span>\n\t\t\t\t\t<\/a>\n\t\t\t\t<\/div>\n\t\t\t\t\t\t\t\t<\/div>\n\t\t\t\t<\/div>\n\t\t\t\t<\/div>\n\t\t\t\t\t<\/div>\n\t\t\t\t<\/div>\n\t\t<div class=\"elementor-element elementor-element-38d0b1b e-flex e-con-boxed e-con e-parent\" data-id=\"38d0b1b\" data-element_type=\"container\">\n\t\t\t\t\t<div class=\"e-con-inner\">\n\t\t\t\t<div class=\"elementor-element elementor-element-b57133b elementor-widget elementor-widget-spacer\" data-id=\"b57133b\" data-element_type=\"widget\" data-widget_type=\"spacer.default\">\n\t\t\t\t<div class=\"elementor-widget-container\">\n\t\t\t\t\t\t\t<div class=\"elementor-spacer\">\n\t\t\t<div class=\"elementor-spacer-inner\"><\/div>\n\t\t<\/div>\n\t\t\t\t\t\t<\/div>\n\t\t\t\t<\/div>\n\t\t\t\t\t<\/div>\n\t\t\t\t<\/div>\n\t\t\t\t<\/div>","protected":false},"excerpt":{"rendered":"<p>APS Unterfahrschutz Einfache Montage, geringes Eigengewicht und eine sehr einfache Handhabung Unterfahrschutz f\u00fcr Nutzfahrzeuge \u2013 Sicherheit, Handling, Qualit\u00e4t Bei APS stehen drei zentrale Aspekte im Fokus: Sicherheit, Handling und Qualit\u00e4t. Sicherheit Unser Unterfahrschutz bietet einen ganzheitlichen Schutz und minimiert das Verletzungsrisiko auf ein absolutes Minimum. Handling Durch eine intuitive Bedienung und eine durchdachte Konstruktion bleibt &hellip; <\/p>\n<p class=\"link-more\"><a href=\"https:\/\/aps-werk.ch\/fr\/unterfahrschutz\/\" class=\"more-link\">Lire la suite de<span class=\"screen-reader-text\">\u00ab\u00a0Unterfahrschutz\u00a0\u00bb<\/span><\/a><\/p>","protected":false},"author":1,"featured_media":0,"parent":0,"menu_order":0,"comment_status":"closed","ping_status":"closed","template":"elementor_header_footer","meta":{"footnotes":""},"class_list":["post-90","page","type-page","status-publish","hentry"],"_links":{"self":[{"href":"https:\/\/aps-werk.ch\/fr\/wp-json\/wp\/v2\/pages\/90","targetHints":{"allow":["GET"]}}],"collection":[{"href":"https:\/\/aps-werk.ch\/fr\/wp-json\/wp\/v2\/pages"}],"about":[{"href":"https:\/\/aps-werk.ch\/fr\/wp-json\/wp\/v2\/types\/page"}],"author":[{"embeddable":true,"href":"https:\/\/aps-werk.ch\/fr\/wp-json\/wp\/v2\/users\/1"}],"replies":[{"embeddable":true,"href":"https:\/\/aps-werk.ch\/fr\/wp-json\/wp\/v2\/comments?post=90"}],"version-history":[{"count":0,"href":"https:\/\/aps-werk.ch\/fr\/wp-json\/wp\/v2\/pages\/90\/revisions"}],"wp:attachment":[{"href":"https:\/\/aps-werk.ch\/fr\/wp-json\/wp\/v2\/media?parent=90"}],"curies":[{"name":"wp","href":"https:\/\/api.w.org\/{rel}","templated":true}]}}