{"id":1391,"date":"2024-11-14T11:38:17","date_gmt":"2024-11-14T10:38:17","guid":{"rendered":"http:\/\/aps-werk.ch\/?page_id=1391"},"modified":"2024-11-21T13:35:05","modified_gmt":"2024-11-21T12:35:05","slug":"leitbild","status":"publish","type":"page","link":"https:\/\/aps-werk.ch\/fr\/leitbild\/","title":{"rendered":"Mission"},"content":{"rendered":"<div data-elementor-type=\"wp-page\" data-elementor-id=\"1391\" class=\"elementor elementor-1391\">\n\t\t\t\t<div class=\"elementor-element elementor-element-7cc5d88 e-con-full e-flex e-con e-parent\" data-id=\"7cc5d88\" data-element_type=\"container\">\n\t\t<div class=\"elementor-element elementor-element-645741c e-con-full e-flex e-con e-child\" data-id=\"645741c\" data-element_type=\"container\" data-settings=\"{&quot;background_background&quot;:&quot;classic&quot;}\">\n\t\t\t\t<div class=\"elementor-element elementor-element-ab39433 elementor-widget elementor-widget-spacer\" data-id=\"ab39433\" data-element_type=\"widget\" data-widget_type=\"spacer.default\">\n\t\t\t\t<div class=\"elementor-widget-container\">\n\t\t\t\t\t\t\t<div class=\"elementor-spacer\">\n\t\t\t<div class=\"elementor-spacer-inner\"><\/div>\n\t\t<\/div>\n\t\t\t\t\t\t<\/div>\n\t\t\t\t<\/div>\n\t\t\t\t<div class=\"elementor-element elementor-element-e824d7b elementor-widget elementor-widget-heading\" data-id=\"e824d7b\" data-element_type=\"widget\" data-widget_type=\"heading.default\">\n\t\t\t\t<div class=\"elementor-widget-container\">\n\t\t\t\t\t<h2 class=\"elementor-heading-title elementor-size-xxl\">Mission<\/h2>\t\t\t\t<\/div>\n\t\t\t\t<\/div>\n\t\t\t\t<div class=\"elementor-element elementor-element-cf033cf elementor-widget elementor-widget-spacer\" data-id=\"cf033cf\" data-element_type=\"widget\" data-widget_type=\"spacer.default\">\n\t\t\t\t<div class=\"elementor-widget-container\">\n\t\t\t\t\t\t\t<div class=\"elementor-spacer\">\n\t\t\t<div class=\"elementor-spacer-inner\"><\/div>\n\t\t<\/div>\n\t\t\t\t\t\t<\/div>\n\t\t\t\t<\/div>\n\t\t\t\t<\/div>\n\t\t\t\t<div class=\"elementor-element elementor-element-8f6345d elementor-widget elementor-widget-spacer\" data-id=\"8f6345d\" data-element_type=\"widget\" data-widget_type=\"spacer.default\">\n\t\t\t\t<div class=\"elementor-widget-container\">\n\t\t\t\t\t\t\t<div class=\"elementor-spacer\">\n\t\t\t<div class=\"elementor-spacer-inner\"><\/div>\n\t\t<\/div>\n\t\t\t\t\t\t<\/div>\n\t\t\t\t<\/div>\n\t\t\t\t<\/div>\n\t\t<div class=\"elementor-element elementor-element-31fde25 e-flex e-con-boxed elementor-invisible e-con e-parent\" data-id=\"31fde25\" data-element_type=\"container\" data-settings=\"{&quot;animation&quot;:&quot;fadeInUp&quot;}\">\n\t\t\t\t\t<div class=\"e-con-inner\">\n\t\t<div class=\"elementor-element elementor-element-5835b55 e-flex e-con-boxed e-con e-child\" data-id=\"5835b55\" data-element_type=\"container\">\n\t\t\t\t\t<div class=\"e-con-inner\">\n\t\t<div class=\"elementor-element elementor-element-4ab81b1 e-flex e-con-boxed e-con e-child\" data-id=\"4ab81b1\" data-element_type=\"container\">\n\t\t\t\t\t<div class=\"e-con-inner\">\n\t\t\t\t<div class=\"elementor-element elementor-element-1a51655 elementor-widget elementor-widget-text-editor\" data-id=\"1a51655\" data-element_type=\"widget\" data-widget_type=\"text-editor.default\">\n\t\t\t\t<div class=\"elementor-widget-container\">\n\t\t\t\t\t\t\t\t\t<p><strong>Mission<\/strong><\/p><p>Notre mission d\u00e9crit notre attitude et notre responsabilit\u00e9 sociale vis-\u00e0-vis de nos clients, fournisseurs et collaborateurs. Elle exprime en outre notre attitude vis-\u00e0-vis de nos concurrents dans le secteur.<\/p>\t\t\t\t\t\t\t\t<\/div>\n\t\t\t\t<\/div>\n\t\t\t\t\t<\/div>\n\t\t\t\t<\/div>\n\t\t<div class=\"elementor-element elementor-element-34079b0 e-flex e-con-boxed e-con e-child\" data-id=\"34079b0\" data-element_type=\"container\">\n\t\t\t\t\t<div class=\"e-con-inner\">\n\t\t\t\t<div class=\"elementor-element elementor-element-5db49b3 elementor-widget elementor-widget-text-editor\" data-id=\"5db49b3\" data-element_type=\"widget\" data-widget_type=\"text-editor.default\">\n\t\t\t\t<div class=\"elementor-widget-container\">\n\t\t\t\t\t\t\t\t\t<p><strong>APS Werk AG<\/strong><\/p><p>L'entreprise a \u00e9t\u00e9 fond\u00e9e en 1962 en tant qu'entreprise individuelle. Depuis 2001, elle op\u00e8re en tant que soci\u00e9t\u00e9 anonyme sous le nom d'APS Werk AG. Notre longue exp\u00e9rience dans le domaine des spoilers et des protections anti-encastrement est le garant de notre succ\u00e8s. Nous sommes toujours pr\u00eats \u00e0 apprendre de nouvelles choses et c'est pourquoi nous accordons une grande importance \u00e0 nos relations avec nos clients et nos fournisseurs.<\/p>\t\t\t\t\t\t\t\t<\/div>\n\t\t\t\t<\/div>\n\t\t\t\t\t<\/div>\n\t\t\t\t<\/div>\n\t\t<div class=\"elementor-element elementor-element-c5dc51a e-flex e-con-boxed e-con e-child\" data-id=\"c5dc51a\" data-element_type=\"container\">\n\t\t\t\t\t<div class=\"e-con-inner\">\n\t\t\t\t<div class=\"elementor-element elementor-element-cfe415b elementor-widget elementor-widget-text-editor\" data-id=\"cfe415b\" data-element_type=\"widget\" data-widget_type=\"text-editor.default\">\n\t\t\t\t<div class=\"elementor-widget-container\">\n\t\t\t\t\t\t\t\t\t<p><strong>Clients<\/strong><\/p><p>Le succ\u00e8s de nos clients est aussi notre succ\u00e8s. Nous mettons toute notre comp\u00e9tence et nos meilleures solutions \u00e0 la disposition de nos clients. Nous contribuons ainsi \u00e0 ce qu'ils atteignent rapidement et pleinement leurs objectifs.<\/p>\t\t\t\t\t\t\t\t<\/div>\n\t\t\t\t<\/div>\n\t\t\t\t\t<\/div>\n\t\t\t\t<\/div>\n\t\t\t\t\t<\/div>\n\t\t\t\t<\/div>\n\t\t\t\t\t<\/div>\n\t\t\t\t<\/div>\n\t\t<div class=\"elementor-element elementor-element-9abd464 e-flex e-con-boxed elementor-invisible e-con e-parent\" data-id=\"9abd464\" data-element_type=\"container\" data-settings=\"{&quot;animation&quot;:&quot;fadeInUp&quot;}\">\n\t\t\t\t\t<div class=\"e-con-inner\">\n\t\t<div class=\"elementor-element elementor-element-4cfde09 e-flex e-con-boxed e-con e-child\" data-id=\"4cfde09\" data-element_type=\"container\">\n\t\t\t\t\t<div class=\"e-con-inner\">\n\t\t<div class=\"elementor-element elementor-element-d9de009 e-flex e-con-boxed e-con e-child\" data-id=\"d9de009\" data-element_type=\"container\">\n\t\t\t\t\t<div class=\"e-con-inner\">\n\t\t\t\t<div class=\"elementor-element elementor-element-c22e314 elementor-widget elementor-widget-text-editor\" data-id=\"c22e314\" data-element_type=\"widget\" data-widget_type=\"text-editor.default\">\n\t\t\t\t<div class=\"elementor-widget-container\">\n\t\t\t\t\t\t\t\t\t<p><strong>Clients et fournisseurs<\/strong><\/p><p>Nous entretenons de bons contacts avec nos clients et nos fournisseurs. Nous pla\u00e7ons toujours plus haut les exigences de qualit\u00e9 que nous nous imposons. Nos produits sont contr\u00f4l\u00e9s en permanence afin d'atteindre une qualit\u00e9 optimale. Notre flexibilit\u00e9 est appr\u00e9ci\u00e9e par beaucoup et exige beaucoup de nos fournisseurs.<\/p>\t\t\t\t\t\t\t\t<\/div>\n\t\t\t\t<\/div>\n\t\t\t\t\t<\/div>\n\t\t\t\t<\/div>\n\t\t<div class=\"elementor-element elementor-element-1ac7670 e-flex e-con-boxed e-con e-child\" data-id=\"1ac7670\" data-element_type=\"container\">\n\t\t\t\t\t<div class=\"e-con-inner\">\n\t\t\t\t<div class=\"elementor-element elementor-element-008808c elementor-widget elementor-widget-text-editor\" data-id=\"008808c\" data-element_type=\"widget\" data-widget_type=\"text-editor.default\">\n\t\t\t\t<div class=\"elementor-widget-container\">\n\t\t\t\t\t\t\t\t\t<p><strong>\u00c9quipe <\/strong><\/p><p>Nos \u00e9quipes sont la source de notre succ\u00e8s. Nous ne voulons pas d'une hi\u00e9rarchie stricte dans notre entreprise et nous encourageons la responsabilit\u00e9 de chacun en d\u00e9l\u00e9guant les t\u00e2ches et les comp\u00e9tences. Nous sommes attentifs aux besoins individuels de nos collaborateurs et nous nous effor\u00e7ons de r\u00e9pondre \u00e0 toutes les exigences. Chez nous, la confiance et le respect ne sont pas seulement \u00e9crits en lettres capitales, mais aussi v\u00e9cus.<\/p>\t\t\t\t\t\t\t\t<\/div>\n\t\t\t\t<\/div>\n\t\t\t\t\t<\/div>\n\t\t\t\t<\/div>\n\t\t<div class=\"elementor-element elementor-element-5d4f627 e-flex e-con-boxed e-con e-child\" data-id=\"5d4f627\" data-element_type=\"container\">\n\t\t\t\t\t<div class=\"e-con-inner\">\n\t\t\t\t<div class=\"elementor-element elementor-element-bcb60cb elementor-widget elementor-widget-text-editor\" data-id=\"bcb60cb\" data-element_type=\"widget\" data-widget_type=\"text-editor.default\">\n\t\t\t\t<div class=\"elementor-widget-container\">\n\t\t\t\t\t\t\t\t\t<p><strong>Croissance<\/strong><\/p><p>Notre croissance ne doit jamais se faire au d\u00e9triment des clients ou des collaborateurs. Le profit ne se trouve pas uniquement dans la comptabilit\u00e9, mais dans l'ensemble d'une entreprise. Car des collaborateurs et des clients satisfaits nous assurent le succ\u00e8s et le succ\u00e8s est notre b\u00e9n\u00e9fice.<\/p>\t\t\t\t\t\t\t\t<\/div>\n\t\t\t\t<\/div>\n\t\t\t\t\t<\/div>\n\t\t\t\t<\/div>\n\t\t\t\t\t<\/div>\n\t\t\t\t<\/div>\n\t\t\t\t<div class=\"elementor-element elementor-element-9aa694f elementor-widget elementor-widget-text-editor\" data-id=\"9aa694f\" data-element_type=\"widget\" data-widget_type=\"text-editor.default\">\n\t\t\t\t<div class=\"elementor-widget-container\">\n\t\t\t\t\t\t\t\t\t<p class=\"MsoNormal\"><b><span lang=\"DE\" style=\"font-size: 12.0pt; font-family: 'Arial','sans-serif';\">APS Werk AG<\/span><\/b><\/p><p class=\"MsoNormal\"><span lang=\"DE\" style=\"font-size: 12.0pt; font-family: 'Arial','sans-serif'; mso-fareast-language: DE; layout-grid-mode: line;\">Ralph F. von Ow<\/span><\/p>\t\t\t\t\t\t\t\t<\/div>\n\t\t\t\t<\/div>\n\t\t\t\t<div class=\"elementor-element elementor-element-0a1a165 elementor-widget elementor-widget-spacer\" data-id=\"0a1a165\" data-element_type=\"widget\" data-widget_type=\"spacer.default\">\n\t\t\t\t<div class=\"elementor-widget-container\">\n\t\t\t\t\t\t\t<div class=\"elementor-spacer\">\n\t\t\t<div class=\"elementor-spacer-inner\"><\/div>\n\t\t<\/div>\n\t\t\t\t\t\t<\/div>\n\t\t\t\t<\/div>\n\t\t\t\t<div class=\"elementor-element elementor-element-6dbc152 elementor-widget elementor-widget-spacer\" data-id=\"6dbc152\" data-element_type=\"widget\" data-widget_type=\"spacer.default\">\n\t\t\t\t<div class=\"elementor-widget-container\">\n\t\t\t\t\t\t\t<div class=\"elementor-spacer\">\n\t\t\t<div class=\"elementor-spacer-inner\"><\/div>\n\t\t<\/div>\n\t\t\t\t\t\t<\/div>\n\t\t\t\t<\/div>\n\t\t\t\t\t<\/div>\n\t\t\t\t<\/div>\n\t\t\t\t<\/div>","protected":false},"excerpt":{"rendered":"<p>Leitbild Leitbild Unser Leitbild beschreibt unsere Haltungsweise und unsere soziale Verantwortung gegen\u00fcber den Kunden, Lieferanten und Mitarbeitern. Im Weiteren tut Sie unsere Einstellung zu unseren Mitbewerbern in der Branche kund. APS Werk AG Die Firma wurde im Jahr 1962 als Einzelfirma gegr\u00fcndet. Seit 2001 ist die Firma als Aktiengesellschaft unter dem Namen APS Werk AG &hellip; <\/p>\n<p class=\"link-more\"><a href=\"https:\/\/aps-werk.ch\/fr\/leitbild\/\" class=\"more-link\">Lire la suite de<span class=\"screen-reader-text\">\u00ab\u00a0Leitbild\u00a0\u00bb<\/span><\/a><\/p>","protected":false},"author":1,"featured_media":0,"parent":0,"menu_order":0,"comment_status":"closed","ping_status":"closed","template":"elementor_header_footer","meta":{"footnotes":""},"class_list":["post-1391","page","type-page","status-publish","hentry"],"_links":{"self":[{"href":"https:\/\/aps-werk.ch\/fr\/wp-json\/wp\/v2\/pages\/1391","targetHints":{"allow":["GET"]}}],"collection":[{"href":"https:\/\/aps-werk.ch\/fr\/wp-json\/wp\/v2\/pages"}],"about":[{"href":"https:\/\/aps-werk.ch\/fr\/wp-json\/wp\/v2\/types\/page"}],"author":[{"embeddable":true,"href":"https:\/\/aps-werk.ch\/fr\/wp-json\/wp\/v2\/users\/1"}],"replies":[{"embeddable":true,"href":"https:\/\/aps-werk.ch\/fr\/wp-json\/wp\/v2\/comments?post=1391"}],"version-history":[{"count":0,"href":"https:\/\/aps-werk.ch\/fr\/wp-json\/wp\/v2\/pages\/1391\/revisions"}],"wp:attachment":[{"href":"https:\/\/aps-werk.ch\/fr\/wp-json\/wp\/v2\/media?parent=1391"}],"curies":[{"name":"wp","href":"https:\/\/api.w.org\/{rel}","templated":true}]}}