{"id":120,"date":"2024-06-04T11:21:20","date_gmt":"2024-06-04T09:21:20","guid":{"rendered":"http:\/\/aps-werk.ch\/?page_id=120"},"modified":"2025-05-26T10:45:23","modified_gmt":"2025-05-26T08:45:23","slug":"ueber-uns","status":"publish","type":"page","link":"https:\/\/aps-werk.ch\/fr\/ueber-uns\/","title":{"rendered":"\u00c0 propos de nous"},"content":{"rendered":"<div data-elementor-type=\"wp-page\" data-elementor-id=\"120\" class=\"elementor elementor-120\">\n\t\t\t\t<div class=\"elementor-element elementor-element-b7fdcdf e-con-full e-flex e-con e-parent\" data-id=\"b7fdcdf\" data-element_type=\"container\" data-settings=\"{&quot;background_background&quot;:&quot;gradient&quot;}\">\n\t\t<div class=\"elementor-element elementor-element-377d04b e-con-full e-flex e-con e-child\" data-id=\"377d04b\" data-element_type=\"container\" data-settings=\"{&quot;background_background&quot;:&quot;classic&quot;}\">\n\t\t\t\t<div class=\"elementor-element elementor-element-737e59e elementor-widget elementor-widget-spacer\" data-id=\"737e59e\" data-element_type=\"widget\" data-widget_type=\"spacer.default\">\n\t\t\t\t<div class=\"elementor-widget-container\">\n\t\t\t\t\t\t\t<div class=\"elementor-spacer\">\n\t\t\t<div class=\"elementor-spacer-inner\"><\/div>\n\t\t<\/div>\n\t\t\t\t\t\t<\/div>\n\t\t\t\t<\/div>\n\t\t\t\t<div class=\"elementor-element elementor-element-d6deb61 elementor-widget elementor-widget-heading\" data-id=\"d6deb61\" data-element_type=\"widget\" data-widget_type=\"heading.default\">\n\t\t\t\t<div class=\"elementor-widget-container\">\n\t\t\t\t\t<h2 class=\"elementor-heading-title elementor-size-xxl\">\u00c0 propos de nous\n<\/h2>\t\t\t\t<\/div>\n\t\t\t\t<\/div>\n\t\t\t\t<div class=\"elementor-element elementor-element-b2072f9 elementor-widget elementor-widget-heading\" data-id=\"b2072f9\" data-element_type=\"widget\" data-widget_type=\"heading.default\">\n\t\t\t\t<div class=\"elementor-widget-container\">\n\t\t\t\t\t<h2 class=\"elementor-heading-title elementor-size-default\">APS Werk AG<\/h2>\t\t\t\t<\/div>\n\t\t\t\t<\/div>\n\t\t\t\t<div class=\"elementor-element elementor-element-af4e31f elementor-widget elementor-widget-spacer\" data-id=\"af4e31f\" data-element_type=\"widget\" data-widget_type=\"spacer.default\">\n\t\t\t\t<div class=\"elementor-widget-container\">\n\t\t\t\t\t\t\t<div class=\"elementor-spacer\">\n\t\t\t<div class=\"elementor-spacer-inner\"><\/div>\n\t\t<\/div>\n\t\t\t\t\t\t<\/div>\n\t\t\t\t<\/div>\n\t\t\t\t<\/div>\n\t\t\t\t<\/div>\n\t\t<div class=\"elementor-element elementor-element-1fd729b e-flex e-con-boxed e-con e-parent\" data-id=\"1fd729b\" data-element_type=\"container\">\n\t\t\t\t\t<div class=\"e-con-inner\">\n\t\t\t\t<div class=\"elementor-element elementor-element-4f97541 elementor-widget elementor-widget-spacer\" data-id=\"4f97541\" data-element_type=\"widget\" data-widget_type=\"spacer.default\">\n\t\t\t\t<div class=\"elementor-widget-container\">\n\t\t\t\t\t\t\t<div class=\"elementor-spacer\">\n\t\t\t<div class=\"elementor-spacer-inner\"><\/div>\n\t\t<\/div>\n\t\t\t\t\t\t<\/div>\n\t\t\t\t<\/div>\n\t\t\t\t<div class=\"elementor-element elementor-element-2443b0c elementor-invisible elementor-widget elementor-widget-text-editor\" data-id=\"2443b0c\" data-element_type=\"widget\" data-settings=\"{&quot;_animation&quot;:&quot;fadeInUp&quot;}\" data-widget_type=\"text-editor.default\">\n\t\t\t\t<div class=\"elementor-widget-container\">\n\t\t\t\t\t\t\t\t\t<p><strong>L'entreprise a \u00e9t\u00e9 fond\u00e9e en 1962 en tant qu'entreprise individuelle. Depuis 2001, elle op\u00e8re en tant que soci\u00e9t\u00e9 anonyme sous le nom d'APS Werk AG.<\/strong><\/p><p><strong>Notre longue exp\u00e9rience dans le domaine des spoilers et des protections anti-encastrement est le garant de notre succ\u00e8s. Nous aimons toujours apprendre de nouvelles choses et c'est pourquoi nous accordons une grande importance \u00e0 nos relations avec nos clients et nos fournisseurs.<\/strong><\/p>\t\t\t\t\t\t\t\t<\/div>\n\t\t\t\t<\/div>\n\t\t\t\t\t<\/div>\n\t\t\t\t<\/div>\n\t\t<div class=\"elementor-element elementor-element-c325783 e-flex e-con-boxed e-con e-parent\" data-id=\"c325783\" data-element_type=\"container\">\n\t\t\t\t\t<div class=\"e-con-inner\">\n\t\t<div class=\"elementor-element elementor-element-0f60a1b e-flex e-con-boxed elementor-invisible e-con e-child\" data-id=\"0f60a1b\" data-element_type=\"container\" data-settings=\"{&quot;animation&quot;:&quot;fadeInUp&quot;}\">\n\t\t\t\t\t<div class=\"e-con-inner\">\n\t\t<div class=\"elementor-element elementor-element-2e76a3c e-flex e-con-boxed e-con e-child\" data-id=\"2e76a3c\" data-element_type=\"container\">\n\t\t\t\t\t<div class=\"e-con-inner\">\n\t\t\t\t<div class=\"elementor-element elementor-element-3859d23 elementor-widget elementor-widget-text-editor\" data-id=\"3859d23\" data-element_type=\"widget\" data-widget_type=\"text-editor.default\">\n\t\t\t\t<div class=\"elementor-widget-container\">\n\t\t\t\t\t\t\t\t\t<p><strong>Mission<\/strong><\/p><p>Notre mission d\u00e9crit notre attitude et notre responsabilit\u00e9 sociale vis-\u00e0-vis de nos clients, fournisseurs et collaborateurs. Elle exprime en outre notre attitude vis-\u00e0-vis de nos concurrents dans le secteur.<\/p>\t\t\t\t\t\t\t\t<\/div>\n\t\t\t\t<\/div>\n\t\t\t\t\t<\/div>\n\t\t\t\t<\/div>\n\t\t<div class=\"elementor-element elementor-element-fe90a7d e-flex e-con-boxed elementor-invisible e-con e-child\" data-id=\"fe90a7d\" data-element_type=\"container\" data-settings=\"{&quot;animation&quot;:&quot;fadeInUp&quot;,&quot;animation_delay&quot;:100}\">\n\t\t\t\t\t<div class=\"e-con-inner\">\n\t\t\t\t<div class=\"elementor-element elementor-element-0527b18 elementor-widget elementor-widget-text-editor\" data-id=\"0527b18\" data-element_type=\"widget\" data-widget_type=\"text-editor.default\">\n\t\t\t\t<div class=\"elementor-widget-container\">\n\t\t\t\t\t\t\t\t\t<p><strong>APS Werk AG<\/strong><\/p><p>L'entreprise a \u00e9t\u00e9 fond\u00e9e en 1962 en tant qu'entreprise individuelle. Depuis 2001, elle op\u00e8re en tant que soci\u00e9t\u00e9 anonyme sous le nom d'APS Werk AG. Notre longue exp\u00e9rience dans le domaine des spoilers et des protections anti-encastrement est le garant de notre succ\u00e8s. Nous sommes toujours pr\u00eats \u00e0 apprendre de nouvelles choses et c'est pourquoi nous accordons une grande importance \u00e0 nos relations avec nos clients et nos fournisseurs.<\/p>\t\t\t\t\t\t\t\t<\/div>\n\t\t\t\t<\/div>\n\t\t\t\t\t<\/div>\n\t\t\t\t<\/div>\n\t\t<div class=\"elementor-element elementor-element-aea184a e-flex e-con-boxed elementor-invisible e-con e-child\" data-id=\"aea184a\" data-element_type=\"container\" data-settings=\"{&quot;animation&quot;:&quot;fadeInUp&quot;,&quot;animation_delay&quot;:200}\">\n\t\t\t\t\t<div class=\"e-con-inner\">\n\t\t\t\t<div class=\"elementor-element elementor-element-2232291 elementor-widget elementor-widget-text-editor\" data-id=\"2232291\" data-element_type=\"widget\" data-widget_type=\"text-editor.default\">\n\t\t\t\t<div class=\"elementor-widget-container\">\n\t\t\t\t\t\t\t\t\t<p><strong>Clients<\/strong><\/p><p>Le succ\u00e8s de nos clients est aussi notre succ\u00e8s. Nous mettons toute notre comp\u00e9tence et nos meilleures solutions \u00e0 la disposition de nos clients. Nous contribuons ainsi \u00e0 ce qu'ils atteignent rapidement et pleinement leurs objectifs.<\/p>\t\t\t\t\t\t\t\t<\/div>\n\t\t\t\t<\/div>\n\t\t\t\t\t<\/div>\n\t\t\t\t<\/div>\n\t\t\t\t\t<\/div>\n\t\t\t\t<\/div>\n\t\t\t\t\t<\/div>\n\t\t\t\t<\/div>\n\t\t<div class=\"elementor-element elementor-element-34bb8f6 e-flex e-con-boxed elementor-invisible e-con e-parent\" data-id=\"34bb8f6\" data-element_type=\"container\" data-settings=\"{&quot;animation&quot;:&quot;fadeInUp&quot;}\">\n\t\t\t\t\t<div class=\"e-con-inner\">\n\t\t<div class=\"elementor-element elementor-element-8774655 e-flex e-con-boxed e-con e-child\" data-id=\"8774655\" data-element_type=\"container\">\n\t\t\t\t\t<div class=\"e-con-inner\">\n\t\t<div class=\"elementor-element elementor-element-912a044 e-flex e-con-boxed e-con e-child\" data-id=\"912a044\" data-element_type=\"container\">\n\t\t\t\t\t<div class=\"e-con-inner\">\n\t\t\t\t<div class=\"elementor-element elementor-element-3655464 elementor-widget elementor-widget-text-editor\" data-id=\"3655464\" data-element_type=\"widget\" data-widget_type=\"text-editor.default\">\n\t\t\t\t<div class=\"elementor-widget-container\">\n\t\t\t\t\t\t\t\t\t<p><strong>Clients et fournisseurs<\/strong><\/p><p>Nous entretenons de bons contacts avec nos clients et nos fournisseurs. Nous pla\u00e7ons toujours plus haut les exigences de qualit\u00e9 que nous nous imposons. Nos produits sont contr\u00f4l\u00e9s en permanence afin d'atteindre une qualit\u00e9 optimale. Notre flexibilit\u00e9 est appr\u00e9ci\u00e9e par beaucoup et exige beaucoup de nos fournisseurs.<\/p>\t\t\t\t\t\t\t\t<\/div>\n\t\t\t\t<\/div>\n\t\t\t\t\t<\/div>\n\t\t\t\t<\/div>\n\t\t<div class=\"elementor-element elementor-element-16c6cf6 e-flex e-con-boxed elementor-invisible e-con e-child\" data-id=\"16c6cf6\" data-element_type=\"container\" data-settings=\"{&quot;animation&quot;:&quot;fadeInUp&quot;,&quot;animation_delay&quot;:100}\">\n\t\t\t\t\t<div class=\"e-con-inner\">\n\t\t\t\t<div class=\"elementor-element elementor-element-c6b469c elementor-widget elementor-widget-text-editor\" data-id=\"c6b469c\" data-element_type=\"widget\" data-widget_type=\"text-editor.default\">\n\t\t\t\t<div class=\"elementor-widget-container\">\n\t\t\t\t\t\t\t\t\t<p><strong>\u00c9quipe <\/strong><\/p><p>Nos \u00e9quipes sont la source de notre succ\u00e8s. Nous ne voulons pas d'une hi\u00e9rarchie stricte dans notre entreprise et nous encourageons la responsabilit\u00e9 de chacun en d\u00e9l\u00e9guant les t\u00e2ches et les comp\u00e9tences. Nous sommes attentifs aux besoins individuels de nos collaborateurs et nous nous effor\u00e7ons de r\u00e9pondre \u00e0 toutes les exigences. Chez nous, la confiance et le respect ne sont pas seulement \u00e9crits en lettres capitales, mais aussi v\u00e9cus.<\/p>\t\t\t\t\t\t\t\t<\/div>\n\t\t\t\t<\/div>\n\t\t\t\t\t<\/div>\n\t\t\t\t<\/div>\n\t\t<div class=\"elementor-element elementor-element-da7d841 e-flex e-con-boxed elementor-invisible e-con e-child\" data-id=\"da7d841\" data-element_type=\"container\" data-settings=\"{&quot;animation&quot;:&quot;fadeInUp&quot;,&quot;animation_delay&quot;:200}\">\n\t\t\t\t\t<div class=\"e-con-inner\">\n\t\t\t\t<div class=\"elementor-element elementor-element-d7320b9 elementor-widget elementor-widget-text-editor\" data-id=\"d7320b9\" data-element_type=\"widget\" data-widget_type=\"text-editor.default\">\n\t\t\t\t<div class=\"elementor-widget-container\">\n\t\t\t\t\t\t\t\t\t<p><strong>Croissance<\/strong><\/p><p>Notre croissance ne doit jamais se faire au d\u00e9triment des clients ou des collaborateurs. Le profit ne se trouve pas uniquement dans la comptabilit\u00e9, mais dans l'ensemble d'une entreprise. Car des collaborateurs et des clients satisfaits nous assurent le succ\u00e8s et le succ\u00e8s est notre b\u00e9n\u00e9fice.<\/p>\t\t\t\t\t\t\t\t<\/div>\n\t\t\t\t<\/div>\n\t\t\t\t\t<\/div>\n\t\t\t\t<\/div>\n\t\t\t\t\t<\/div>\n\t\t\t\t<\/div>\n\t\t\t\t<div class=\"elementor-element elementor-element-0a0a965 elementor-widget elementor-widget-menu-anchor\" data-id=\"0a0a965\" data-element_type=\"widget\" data-widget_type=\"menu-anchor.default\">\n\t\t\t\t<div class=\"elementor-widget-container\">\n\t\t\t\t\t\t\t<div class=\"elementor-menu-anchor\" id=\"kontakt\"><\/div>\n\t\t\t\t\t\t<\/div>\n\t\t\t\t<\/div>\n\t\t\t\t<div class=\"elementor-element elementor-element-489dc39 elementor-widget elementor-widget-spacer\" data-id=\"489dc39\" data-element_type=\"widget\" data-widget_type=\"spacer.default\">\n\t\t\t\t<div class=\"elementor-widget-container\">\n\t\t\t\t\t\t\t<div class=\"elementor-spacer\">\n\t\t\t<div class=\"elementor-spacer-inner\"><\/div>\n\t\t<\/div>\n\t\t\t\t\t\t<\/div>\n\t\t\t\t<\/div>\n\t\t\t\t\t<\/div>\n\t\t\t\t<\/div>\n\t\t<div class=\"elementor-element elementor-element-400f816 e-flex e-con-boxed e-con e-parent\" data-id=\"400f816\" data-element_type=\"container\">\n\t\t\t\t\t<div class=\"e-con-inner\">\n\t\t<div class=\"elementor-element elementor-element-487ce60 e-con-full e-flex elementor-invisible e-con e-child\" data-id=\"487ce60\" data-element_type=\"container\" data-settings=\"{&quot;animation&quot;:&quot;fadeInUp&quot;}\">\n\t\t\t\t<div class=\"elementor-element elementor-element-7bd8f13 elementor-widget elementor-widget-text-editor\" data-id=\"7bd8f13\" data-element_type=\"widget\" data-widget_type=\"text-editor.default\">\n\t\t\t\t<div class=\"elementor-widget-container\">\n\t\t\t\t\t\t\t\t\t<p>APS WERK AG<\/p><p>W\u00e4sseristrasse 37<\/p><p>CH-8340 Hinwil<\/p><p>Tel. (+41) 043 843 10 66<\/p><p>Fax (+41) 043 843 10 61<\/p>\t\t\t\t\t\t\t\t<\/div>\n\t\t\t\t<\/div>\n\t\t\t\t<\/div>\n\t\t<div class=\"elementor-element elementor-element-c4c581c e-con-full e-flex elementor-invisible e-con e-child\" data-id=\"c4c581c\" data-element_type=\"container\" data-settings=\"{&quot;animation&quot;:&quot;fadeInUp&quot;,&quot;animation_delay&quot;:100}\">\n\t\t\t\t<div class=\"elementor-element elementor-element-442ac87 elementor-widget elementor-widget-google_maps\" data-id=\"442ac87\" data-element_type=\"widget\" data-widget_type=\"google_maps.default\">\n\t\t\t\t<div class=\"elementor-widget-container\">\n\t\t\t\t\t\t\t<div class=\"elementor-custom-embed\">\n\t\t\t<iframe loading=\"lazy\"\n\t\t\t\t\tsrc=\"https:\/\/maps.google.com\/maps?q=aps%20werk%20ag&#038;t=m&#038;z=11&#038;output=embed&#038;iwloc=near\"\n\t\t\t\t\ttitle=\"aps werk ag\"\n\t\t\t\t\taria-label=\"aps werk ag\"\n\t\t\t><\/iframe>\n\t\t<\/div>\n\t\t\t\t\t\t<\/div>\n\t\t\t\t<\/div>\n\t\t\t\t<\/div>\n\t\t\t\t\t<\/div>\n\t\t\t\t<\/div>\n\t\t<div class=\"elementor-element elementor-element-c30cbaf e-flex e-con-boxed e-con e-parent\" data-id=\"c30cbaf\" data-element_type=\"container\">\n\t\t\t\t\t<div class=\"e-con-inner\">\n\t\t\t\t<div class=\"elementor-element elementor-element-efd9c27 elementor-view-default elementor-invisible elementor-widget elementor-widget-icon\" data-id=\"efd9c27\" data-element_type=\"widget\" data-settings=\"{&quot;_animation&quot;:&quot;fadeInUp&quot;}\" data-widget_type=\"icon.default\">\n\t\t\t\t<div class=\"elementor-widget-container\">\n\t\t\t\t\t\t\t<div class=\"elementor-icon-wrapper\">\n\t\t\t<a class=\"elementor-icon elementor-animation-grow\" href=\"mailto:info@aps-werk.ch\">\n\t\t\t<svg aria-hidden=\"true\" class=\"e-font-icon-svg e-far-envelope\" viewbox=\"0 0 512 512\" xmlns=\"http:\/\/www.w3.org\/2000\/svg\"><path d=\"M464 64H48C21.49 64 0 85.49 0 112v288c0 26.51 21.49 48 48 48h416c26.51 0 48-21.49 48-48V112c0-26.51-21.49-48-48-48zm0 48v40.805c-22.422 18.259-58.168 46.651-134.587 106.49-16.841 13.247-50.201 45.072-73.413 44.701-23.208.375-56.579-31.459-73.413-44.701C106.18 199.465 70.425 171.067 48 152.805V112h416zM48 400V214.398c22.914 18.251 55.409 43.862 104.938 82.646 21.857 17.205 60.134 55.186 103.062 54.955 42.717.231 80.509-37.199 103.053-54.947 49.528-38.783 82.032-64.401 104.947-82.653V400H48z\"><\/path><\/svg>\t\t\t<\/a>\n\t\t<\/div>\n\t\t\t\t\t\t<\/div>\n\t\t\t\t<\/div>\n\t\t\t\t<div class=\"elementor-element elementor-element-ccc113d elementor-widget elementor-widget-spacer\" data-id=\"ccc113d\" data-element_type=\"widget\" data-widget_type=\"spacer.default\">\n\t\t\t\t<div class=\"elementor-widget-container\">\n\t\t\t\t\t\t\t<div class=\"elementor-spacer\">\n\t\t\t<div class=\"elementor-spacer-inner\"><\/div>\n\t\t<\/div>\n\t\t\t\t\t\t<\/div>\n\t\t\t\t<\/div>\n\t\t\t\t\t<\/div>\n\t\t\t\t<\/div>\n\t\t\t\t<\/div>","protected":false},"excerpt":{"rendered":"<p>\u00dcber uns APS Werk AG Die Firma wurde im Jahr 1962 als Einzelfirma gegr\u00fcndet. Seit 2001 ist die Firma als Aktiengesellschaft unter dem Namen APS Werk AG t\u00e4tig. Unsere langj\u00e4hrige Erfahrung im Bereich Spoiler und Unterfahrschutz ist der Garant f\u00fcr unseren Erfolg. Gerne lernen wir immer wieder Neues dazu und darum ist uns unser Verh\u00e4ltnis &hellip; <\/p>\n<p class=\"link-more\"><a href=\"https:\/\/aps-werk.ch\/fr\/ueber-uns\/\" class=\"more-link\">Lire la suite de<span class=\"screen-reader-text\">\u00ab\u00a0\u00dcber uns\u00a0\u00bb<\/span><\/a><\/p>","protected":false},"author":1,"featured_media":0,"parent":0,"menu_order":0,"comment_status":"closed","ping_status":"closed","template":"elementor_header_footer","meta":{"footnotes":""},"class_list":["post-120","page","type-page","status-publish","hentry"],"_links":{"self":[{"href":"https:\/\/aps-werk.ch\/fr\/wp-json\/wp\/v2\/pages\/120","targetHints":{"allow":["GET"]}}],"collection":[{"href":"https:\/\/aps-werk.ch\/fr\/wp-json\/wp\/v2\/pages"}],"about":[{"href":"https:\/\/aps-werk.ch\/fr\/wp-json\/wp\/v2\/types\/page"}],"author":[{"embeddable":true,"href":"https:\/\/aps-werk.ch\/fr\/wp-json\/wp\/v2\/users\/1"}],"replies":[{"embeddable":true,"href":"https:\/\/aps-werk.ch\/fr\/wp-json\/wp\/v2\/comments?post=120"}],"version-history":[{"count":0,"href":"https:\/\/aps-werk.ch\/fr\/wp-json\/wp\/v2\/pages\/120\/revisions"}],"wp:attachment":[{"href":"https:\/\/aps-werk.ch\/fr\/wp-json\/wp\/v2\/media?parent=120"}],"curies":[{"name":"wp","href":"https:\/\/api.w.org\/{rel}","templated":true}]}}