{"id":11,"date":"2024-02-05T16:12:19","date_gmt":"2024-02-05T15:12:19","guid":{"rendered":"http:\/\/aps-werk.ch\/?page_id=11"},"modified":"2025-06-17T11:19:29","modified_gmt":"2025-06-17T09:19:29","slug":"home","status":"publish","type":"page","link":"https:\/\/aps-werk.ch\/fr\/","title":{"rendered":"Home"},"content":{"rendered":"<div data-elementor-type=\"wp-page\" data-elementor-id=\"11\" class=\"elementor elementor-11\">\n\t\t\t\t<div class=\"elementor-element elementor-element-4e73363 e-flex e-con-boxed e-con e-parent\" data-id=\"4e73363\" data-element_type=\"container\">\n\t\t\t\t\t<div class=\"e-con-inner\">\n\t\t\t\t<div class=\"elementor-element elementor-element-1117052 elementor-widget elementor-widget-spacer\" data-id=\"1117052\" data-element_type=\"widget\" data-widget_type=\"spacer.default\">\n\t\t\t\t<div class=\"elementor-widget-container\">\n\t\t\t\t\t\t\t<div class=\"elementor-spacer\">\n\t\t\t<div class=\"elementor-spacer-inner\"><\/div>\n\t\t<\/div>\n\t\t\t\t\t\t<\/div>\n\t\t\t\t<\/div>\n\t\t\t\t\t<\/div>\n\t\t\t\t<\/div>\n\t\t<div class=\"elementor-element elementor-element-b3c0b08 e-flex e-con-boxed e-con e-parent\" data-id=\"b3c0b08\" data-element_type=\"container\">\n\t\t\t\t\t<div class=\"e-con-inner\">\n\t\t\t\t<div class=\"elementor-element elementor-element-8832621 animated-fast elementor-invisible elementor-widget elementor-widget-heading\" data-id=\"8832621\" data-element_type=\"widget\" data-settings=\"{&quot;_animation&quot;:&quot;fadeInUp&quot;}\" data-widget_type=\"heading.default\">\n\t\t\t\t<div class=\"elementor-widget-container\">\n\t\t\t\t\t<h2 class=\"elementor-heading-title elementor-size-default\">APS WERK AG \n\n\n<\/h2>\t\t\t\t<\/div>\n\t\t\t\t<\/div>\n\t\t\t\t<div class=\"elementor-element elementor-element-7109298 elementor-invisible elementor-widget elementor-widget-heading\" data-id=\"7109298\" data-element_type=\"widget\" data-settings=\"{&quot;_animation&quot;:&quot;fadeInUp&quot;,&quot;_animation_delay&quot;:100}\" data-widget_type=\"heading.default\">\n\t\t\t\t<div class=\"elementor-widget-container\">\n\t\t\t\t\t<h3 class=\"elementor-heading-title elementor-size-default\">Sp\u00e9cialiste des D\u00e9flecteur de toit et des protections anti-encastrement dans le secteur des v\u00e9hicules utilitaires<\/h3>\t\t\t\t<\/div>\n\t\t\t\t<\/div>\n\t\t\t\t<div class=\"elementor-element elementor-element-f3484a0 elementor-invisible elementor-widget elementor-widget-text-editor\" data-id=\"f3484a0\" data-element_type=\"widget\" data-settings=\"{&quot;_animation&quot;:&quot;fadeInUp&quot;,&quot;_animation_delay&quot;:200}\" data-widget_type=\"text-editor.default\">\n\t\t\t\t<div class=\"elementor-widget-container\">\n\t\t\t\t\t\t\t\t\t<p>La gamme de produits est con\u00e7ue pour optimiser l\u2019a\u00e9rodynamisme des v\u00e9hicules, augmenter l\u2019efficacit\u00e9 \u00e9nerg\u00e9tique et am\u00e9liorer la s\u00e9curit\u00e9 routi\u00e8re globale.<\/p><p>APS WERK AG met fortement l'accent sur les normes de qualit\u00e9 dans la fabrication de ses produits afin de r\u00e9pondre aux exigences \u00e9lev\u00e9es du secteur des v\u00e9hicules utilitaires. Ce d\u00e9vouement \u00e0 la qualit\u00e9 garantit que les d\u00e9flecteurs de toit et les protections anti-encastrement fabriqu\u00e9s r\u00e9pondent non seulement aux exigences fonctionnelles, mais aussi aux attentes des clients en mati\u00e8re de fiabilit\u00e9 et de long\u00e9vit\u00e9. En respectant des normes de qualit\u00e9 \u00e9lev\u00e9es, APS WERK AG d\u00e9montre son engagement en faveur de l'excellence et de la satisfaction des clients dans le domaine de l'\u00e9quipement des v\u00e9hicules utilitaires.<\/p><p>Nous accordons une importance particuli\u00e8re \u00e0 la r\u00e9alisation de la production en grande partie en Suisse. L'ancrage local apporte un lien \u00e9troit avec l'espace \u00e9conomique et une forte concentration sur la qualit\u00e9 et la pr\u00e9cision.<\/p><p>APS WERK AG assume sa responsabilit\u00e9 sociale en collaborant avec des ateliers pour handicap\u00e9s de la r\u00e9gion. Ces ateliers fabriquent des produits semi-finis pour l'entreprise, ce qui favorise non seulement l'int\u00e9gration sociale, mais souligne \u00e9galement l'importance de la communaut\u00e9 et de la coop\u00e9ration dans les processus de fabrication.<\/p><p><b>\u00ab Nous mettons tout en \u0153uvre pour d\u00e9passer vos attentes \u00bb.<b><\/b><\/b><\/p>\t\t\t\t\t\t\t\t<\/div>\n\t\t\t\t<\/div>\n\t\t\t\t<div class=\"elementor-element elementor-element-ad74bb0 elementor-widget elementor-widget-spacer\" data-id=\"ad74bb0\" data-element_type=\"widget\" data-widget_type=\"spacer.default\">\n\t\t\t\t<div class=\"elementor-widget-container\">\n\t\t\t\t\t\t\t<div class=\"elementor-spacer\">\n\t\t\t<div class=\"elementor-spacer-inner\"><\/div>\n\t\t<\/div>\n\t\t\t\t\t\t<\/div>\n\t\t\t\t<\/div>\n\t\t\t\t\t<\/div>\n\t\t\t\t<\/div>\n\t\t\t\t<\/div>","protected":false},"excerpt":{"rendered":"<p>APS WERK AG Spezialist f\u00fcr Dachspoiler und Unterfahrsch\u00fctze im Nutzfahrzeug Sektor Die Produktpalette ist darauf ausgerichtet, die Aerodynamik der Fahrzeuge zu optimieren, die Kraftstoffeffizienz zu steigern und die allgemeine Sicherheit im Strassenverkehr zu erh\u00f6hen. Die APS WERK AG legt einen starken Fokus auf Qualit\u00e4tsstandards in der Fertigung ihrer Produkte, um den hohen Anspr\u00fcchen im Nutzfahrzeug-Sektor &hellip; <\/p>\n<p class=\"link-more\"><a href=\"https:\/\/aps-werk.ch\/fr\/\" class=\"more-link\">Lire la suite de<span class=\"screen-reader-text\">\u00ab\u00a0Home\u00a0\u00bb<\/span><\/a><\/p>","protected":false},"author":1,"featured_media":0,"parent":0,"menu_order":0,"comment_status":"closed","ping_status":"closed","template":"elementor_header_footer","meta":{"footnotes":""},"class_list":["post-11","page","type-page","status-publish","hentry"],"_links":{"self":[{"href":"https:\/\/aps-werk.ch\/fr\/wp-json\/wp\/v2\/pages\/11","targetHints":{"allow":["GET"]}}],"collection":[{"href":"https:\/\/aps-werk.ch\/fr\/wp-json\/wp\/v2\/pages"}],"about":[{"href":"https:\/\/aps-werk.ch\/fr\/wp-json\/wp\/v2\/types\/page"}],"author":[{"embeddable":true,"href":"https:\/\/aps-werk.ch\/fr\/wp-json\/wp\/v2\/users\/1"}],"replies":[{"embeddable":true,"href":"https:\/\/aps-werk.ch\/fr\/wp-json\/wp\/v2\/comments?post=11"}],"version-history":[{"count":0,"href":"https:\/\/aps-werk.ch\/fr\/wp-json\/wp\/v2\/pages\/11\/revisions"}],"wp:attachment":[{"href":"https:\/\/aps-werk.ch\/fr\/wp-json\/wp\/v2\/media?parent=11"}],"curies":[{"name":"wp","href":"https:\/\/api.w.org\/{rel}","templated":true}]}}